{"id":67,"date":"2020-01-12T08:05:00","date_gmt":"2020-01-12T08:05:00","guid":{"rendered":"https:\/\/amipaiessantmarcal.org\/?page_id=67"},"modified":"2025-01-24T17:56:17","modified_gmt":"2025-01-24T17:56:17","slug":"contacte","status":"publish","type":"page","link":"https:\/\/amipaiessantmarcal.org\/index.php\/contacte\/","title":{"rendered":"Contacte"},"content":{"rendered":"\n<p>Les vies de comunicaci\u00f3 per contactar amb nosaltres s\u00f3n:<\/p>\n\n\n\n<div class=\"wp-block-group\"><div class=\"wp-block-group__inner-container is-layout-constrained wp-block-group-is-layout-constrained\">\n<p>Plana web:&nbsp;<a aria-label=\" (se abre en una nueva pesta\u00f1a)\" href=\"http:\/\/www.amipaiessantmarcal.org\" target=\"_blank\" rel=\"noreferrer noopener\">amipaiessantmarcal.org<\/a><br>Facebook:&nbsp; <a href=\"https:\/\/www.facebook.com\/profile.php?id=100002604208045\">h<\/a><a aria-label=\"ttps:\/\/www.facebook.com (se abre en una nueva pesta\u00f1a)\" href=\"https:\/\/www.facebook.com\/profile.php?id=100002604208045\" target=\"_blank\" rel=\"noreferrer noopener\">ttps:\/\/www.facebook.com<\/a><\/p>\n\n\n\n<p>Instagram:<a href=\"https:\/\/www.instagram.com\/afaiessantmarcal\/\" target=\"_blank\" rel=\"noreferrer noopener\"> @afaiessantmarcal<\/a><br>Correu electr\u00f2nic:\u00a0<a href=\"mailto:amipaiessantmarcal@gmail.com\">afaiessantmarcal@gmail.com<\/a><\/p>\n<\/div><\/div>\n\n\n\n<p><\/p>\n","protected":false},"excerpt":{"rendered":"<p>Les vies de comunicaci\u00f3 per contactar amb nosaltres s\u00f3n: Plana web:&nbsp;amipaiessantmarcal.orgFacebook:&nbsp; https:\/\/www.facebook.com Instagram: @afaiessantmarcalCorreu electr\u00f2nic:\u00a0afaiessantmarcal@gmail.com<\/p>\n","protected":false},"author":1,"featured_media":0,"parent":0,"menu_order":0,"comment_status":"closed","ping_status":"closed","template":"","meta":{"footnotes":""},"class_list":["post-67","page","type-page","status-publish","hentry"],"yoast_head":"<!-- This site is optimized with the Yoast SEO plugin v24.3 - https:\/\/yoast.com\/wordpress\/plugins\/seo\/ -->\n<title>Contacte - AFA IES SANT MAR\u00c7AL<\/title>\n<meta name=\"robots\" content=\"index, follow, max-snippet:-1, max-image-preview:large, max-video-preview:-1\" \/>\n<link rel=\"canonical\" href=\"https:\/\/amipaiessantmarcal.org\/index.php\/contacte\/\" \/>\n<meta property=\"og:locale\" content=\"es_ES\" \/>\n<meta property=\"og:type\" content=\"article\" \/>\n<meta property=\"og:title\" content=\"Contacte - AFA IES SANT MAR\u00c7AL\" \/>\n<meta property=\"og:description\" content=\"Les vies de comunicaci\u00f3 per contactar amb nosaltres s\u00f3n: Plana web:&nbsp;amipaiessantmarcal.orgFacebook:&nbsp; https:\/\/www.facebook.com Instagram: @afaiessantmarcalCorreu electr\u00f2nic:\u00a0afaiessantmarcal@gmail.com\" \/>\n<meta property=\"og:url\" content=\"https:\/\/amipaiessantmarcal.org\/index.php\/contacte\/\" \/>\n<meta property=\"og:site_name\" content=\"AFA IES SANT MAR\u00c7AL\" \/>\n<meta property=\"article:modified_time\" content=\"2025-01-24T17:56:17+00:00\" \/>\n<meta name=\"twitter:card\" content=\"summary_large_image\" \/>\n<meta name=\"twitter:label1\" content=\"Tiempo de lectura\" \/>\n\t<meta name=\"twitter:data1\" content=\"1 minuto\" \/>\n<script type=\"application\/ld+json\" class=\"yoast-schema-graph\">{\"@context\":\"https:\/\/schema.org\",\"@graph\":[{\"@type\":\"WebPage\",\"@id\":\"https:\/\/amipaiessantmarcal.org\/index.php\/contacte\/\",\"url\":\"https:\/\/amipaiessantmarcal.org\/index.php\/contacte\/\",\"name\":\"Contacte - AFA IES SANT MAR\u00c7AL\",\"isPartOf\":{\"@id\":\"https:\/\/amipaiessantmarcal.org\/#website\"},\"datePublished\":\"2020-01-12T08:05:00+00:00\",\"dateModified\":\"2025-01-24T17:56:17+00:00\",\"breadcrumb\":{\"@id\":\"https:\/\/amipaiessantmarcal.org\/index.php\/contacte\/#breadcrumb\"},\"inLanguage\":\"es\",\"potentialAction\":[{\"@type\":\"ReadAction\",\"target\":[\"https:\/\/amipaiessantmarcal.org\/index.php\/contacte\/\"]}]},{\"@type\":\"BreadcrumbList\",\"@id\":\"https:\/\/amipaiessantmarcal.org\/index.php\/contacte\/#breadcrumb\",\"itemListElement\":[{\"@type\":\"ListItem\",\"position\":1,\"name\":\"Home\",\"item\":\"https:\/\/amipaiessantmarcal.org\/\"},{\"@type\":\"ListItem\",\"position\":2,\"name\":\"Contacte\"}]},{\"@type\":\"WebSite\",\"@id\":\"https:\/\/amipaiessantmarcal.org\/#website\",\"url\":\"https:\/\/amipaiessantmarcal.org\/\",\"name\":\"AFA IES SANT MAR\u00c7AL\",\"description\":\"Associaci\u00f3 de Fam\u00edlies de l&#039;Institut de Sant Mar\u00e7al, Marratxi.\",\"publisher\":{\"@id\":\"https:\/\/amipaiessantmarcal.org\/#organization\"},\"potentialAction\":[{\"@type\":\"SearchAction\",\"target\":{\"@type\":\"EntryPoint\",\"urlTemplate\":\"https:\/\/amipaiessantmarcal.org\/?s={search_term_string}\"},\"query-input\":{\"@type\":\"PropertyValueSpecification\",\"valueRequired\":true,\"valueName\":\"search_term_string\"}}],\"inLanguage\":\"es\"},{\"@type\":\"Organization\",\"@id\":\"https:\/\/amipaiessantmarcal.org\/#organization\",\"name\":\"AFA IES SANT MAR\u00c7AL\",\"url\":\"https:\/\/amipaiessantmarcal.org\/\",\"logo\":{\"@type\":\"ImageObject\",\"inLanguage\":\"es\",\"@id\":\"https:\/\/amipaiessantmarcal.org\/#\/schema\/logo\/image\/\",\"url\":\"https:\/\/amipaiessantmarcal.org\/wp-content\/uploads\/2025\/06\/cropped-Logo-04.jpg\",\"contentUrl\":\"https:\/\/amipaiessantmarcal.org\/wp-content\/uploads\/2025\/06\/cropped-Logo-04.jpg\",\"width\":189,\"height\":250,\"caption\":\"AFA IES SANT MAR\u00c7AL\"},\"image\":{\"@id\":\"https:\/\/amipaiessantmarcal.org\/#\/schema\/logo\/image\/\"}}]}<\/script>\n<!-- \/ Yoast SEO plugin. -->","yoast_head_json":{"title":"Contacte - AFA IES SANT MAR\u00c7AL","robots":{"index":"index","follow":"follow","max-snippet":"max-snippet:-1","max-image-preview":"max-image-preview:large","max-video-preview":"max-video-preview:-1"},"canonical":"https:\/\/amipaiessantmarcal.org\/index.php\/contacte\/","og_locale":"es_ES","og_type":"article","og_title":"Contacte - AFA IES SANT MAR\u00c7AL","og_description":"Les vies de comunicaci\u00f3 per contactar amb nosaltres s\u00f3n: Plana web:&nbsp;amipaiessantmarcal.orgFacebook:&nbsp; https:\/\/www.facebook.com Instagram: @afaiessantmarcalCorreu electr\u00f2nic:\u00a0afaiessantmarcal@gmail.com","og_url":"https:\/\/amipaiessantmarcal.org\/index.php\/contacte\/","og_site_name":"AFA IES SANT MAR\u00c7AL","article_modified_time":"2025-01-24T17:56:17+00:00","twitter_card":"summary_large_image","twitter_misc":{"Tiempo de lectura":"1 minuto"},"schema":{"@context":"https:\/\/schema.org","@graph":[{"@type":"WebPage","@id":"https:\/\/amipaiessantmarcal.org\/index.php\/contacte\/","url":"https:\/\/amipaiessantmarcal.org\/index.php\/contacte\/","name":"Contacte - AFA IES SANT MAR\u00c7AL","isPartOf":{"@id":"https:\/\/amipaiessantmarcal.org\/#website"},"datePublished":"2020-01-12T08:05:00+00:00","dateModified":"2025-01-24T17:56:17+00:00","breadcrumb":{"@id":"https:\/\/amipaiessantmarcal.org\/index.php\/contacte\/#breadcrumb"},"inLanguage":"es","potentialAction":[{"@type":"ReadAction","target":["https:\/\/amipaiessantmarcal.org\/index.php\/contacte\/"]}]},{"@type":"BreadcrumbList","@id":"https:\/\/amipaiessantmarcal.org\/index.php\/contacte\/#breadcrumb","itemListElement":[{"@type":"ListItem","position":1,"name":"Home","item":"https:\/\/amipaiessantmarcal.org\/"},{"@type":"ListItem","position":2,"name":"Contacte"}]},{"@type":"WebSite","@id":"https:\/\/amipaiessantmarcal.org\/#website","url":"https:\/\/amipaiessantmarcal.org\/","name":"AFA IES SANT MAR\u00c7AL","description":"Associaci\u00f3 de Fam\u00edlies de l&#039;Institut de Sant Mar\u00e7al, Marratxi.","publisher":{"@id":"https:\/\/amipaiessantmarcal.org\/#organization"},"potentialAction":[{"@type":"SearchAction","target":{"@type":"EntryPoint","urlTemplate":"https:\/\/amipaiessantmarcal.org\/?s={search_term_string}"},"query-input":{"@type":"PropertyValueSpecification","valueRequired":true,"valueName":"search_term_string"}}],"inLanguage":"es"},{"@type":"Organization","@id":"https:\/\/amipaiessantmarcal.org\/#organization","name":"AFA IES SANT MAR\u00c7AL","url":"https:\/\/amipaiessantmarcal.org\/","logo":{"@type":"ImageObject","inLanguage":"es","@id":"https:\/\/amipaiessantmarcal.org\/#\/schema\/logo\/image\/","url":"https:\/\/amipaiessantmarcal.org\/wp-content\/uploads\/2025\/06\/cropped-Logo-04.jpg","contentUrl":"https:\/\/amipaiessantmarcal.org\/wp-content\/uploads\/2025\/06\/cropped-Logo-04.jpg","width":189,"height":250,"caption":"AFA IES SANT MAR\u00c7AL"},"image":{"@id":"https:\/\/amipaiessantmarcal.org\/#\/schema\/logo\/image\/"}}]}},"_links":{"self":[{"href":"https:\/\/amipaiessantmarcal.org\/index.php\/wp-json\/wp\/v2\/pages\/67","targetHints":{"allow":["GET"]}}],"collection":[{"href":"https:\/\/amipaiessantmarcal.org\/index.php\/wp-json\/wp\/v2\/pages"}],"about":[{"href":"https:\/\/amipaiessantmarcal.org\/index.php\/wp-json\/wp\/v2\/types\/page"}],"author":[{"embeddable":true,"href":"https:\/\/amipaiessantmarcal.org\/index.php\/wp-json\/wp\/v2\/users\/1"}],"replies":[{"embeddable":true,"href":"https:\/\/amipaiessantmarcal.org\/index.php\/wp-json\/wp\/v2\/comments?post=67"}],"version-history":[{"count":10,"href":"https:\/\/amipaiessantmarcal.org\/index.php\/wp-json\/wp\/v2\/pages\/67\/revisions"}],"predecessor-version":[{"id":1621,"href":"https:\/\/amipaiessantmarcal.org\/index.php\/wp-json\/wp\/v2\/pages\/67\/revisions\/1621"}],"wp:attachment":[{"href":"https:\/\/amipaiessantmarcal.org\/index.php\/wp-json\/wp\/v2\/media?parent=67"}],"curies":[{"name":"wp","href":"https:\/\/api.w.org\/{rel}","templated":true}]}}